{"id":1711,"date":"2025-09-29T09:22:49","date_gmt":"2025-09-29T08:22:49","guid":{"rendered":"http:\/\/pappaye.be\/?page_id=1711"},"modified":"2026-04-13T10:45:57","modified_gmt":"2026-04-13T09:45:57","slug":"a-propos","status":"publish","type":"page","link":"https:\/\/pappaye.be\/en\/a-propos\/","title":{"rendered":"About us"},"content":{"rendered":"<div data-elementor-type=\"wp-page\" data-elementor-id=\"1711\" class=\"elementor elementor-1711\">\n\t\t\t\t<div class=\"elementor-element elementor-element-015c9db e-flex e-con-boxed e-con e-parent\" data-id=\"015c9db\" data-element_type=\"container\" data-e-type=\"container\">\n\t\t\t\t\t<div class=\"e-con-inner\">\n\t\t\t\t<div class=\"elementor-element elementor-element-a1256ef elementor-widget elementor-widget-spacer\" data-id=\"a1256ef\" data-element_type=\"widget\" data-e-type=\"widget\" data-widget_type=\"spacer.default\">\n\t\t\t\t<div class=\"elementor-widget-container\">\n\t\t\t\t\t\t\t<div class=\"elementor-spacer\">\n\t\t\t<div class=\"elementor-spacer-inner\"><\/div>\n\t\t<\/div>\n\t\t\t\t\t\t<\/div>\n\t\t\t\t<\/div>\n\t\t<div class=\"elementor-element elementor-element-56883d2 e-con-full e-flex e-con e-child\" data-id=\"56883d2\" data-element_type=\"container\" data-e-type=\"container\">\n\t\t\t\t<div class=\"elementor-element elementor-element-8b7861d elementor-widget elementor-widget-html\" data-id=\"8b7861d\" data-element_type=\"widget\" data-e-type=\"widget\" data-widget_type=\"html.default\">\n\t\t\t\t<div class=\"elementor-widget-container\">\n\t\t\t\t\t<h1>About us<\/h1>\n<p>Pappaye was born from a simple belief: visibility can have a positive impact.<\/p>\n\n<p>Founded by three students from Universit\u00e9 catholique de Louvain, Pappaye turns every print into an opportunity: giving students an accessible service, while allowing businesses to reach 18\u201325-year-olds in a moment of real attention.<\/p>\n\n<p>By supporting Pappaye, you\u2019re not just advertising. You\u2019re contributing to a model that strengthens students\u2019 purchasing power and supports access to education.\n<\/p>\n<p class=\"translation-block\">A useful system.<br>\nA real impact.<br>\nResponsible visibility.<\/p>\t\t\t\t<\/div>\n\t\t\t\t<\/div>\n\t\t\t\t<div class=\"elementor-element elementor-element-ac95ed5 elementor-widget elementor-widget-image\" data-id=\"ac95ed5\" data-element_type=\"widget\" data-e-type=\"widget\" data-widget_type=\"image.default\">\n\t\t\t\t<div class=\"elementor-widget-container\">\n\t\t\t\t\t\t\t\t\t\t\t\t\t\t\t<img fetchpriority=\"high\" decoding=\"async\" width=\"1024\" height=\"683\" src=\"https:\/\/pappaye.be\/wp-content\/uploads\/2026\/02\/ChatGPT-Image-19-fevr.-2026-19_11_25-1024x683.png\" class=\"attachment-large size-large wp-image-3393\" alt=\"\" srcset=\"https:\/\/pappaye.be\/wp-content\/uploads\/2026\/02\/ChatGPT-Image-19-fevr.-2026-19_11_25-1024x683.png 1024w, https:\/\/pappaye.be\/wp-content\/uploads\/2026\/02\/ChatGPT-Image-19-fevr.-2026-19_11_25-300x200.png 300w, https:\/\/pappaye.be\/wp-content\/uploads\/2026\/02\/ChatGPT-Image-19-fevr.-2026-19_11_25-768x512.png 768w, https:\/\/pappaye.be\/wp-content\/uploads\/2026\/02\/ChatGPT-Image-19-fevr.-2026-19_11_25-18x12.png 18w, https:\/\/pappaye.be\/wp-content\/uploads\/2026\/02\/ChatGPT-Image-19-fevr.-2026-19_11_25.png 1536w\" sizes=\"(max-width: 1024px) 100vw, 1024px\" \/>\t\t\t\t\t\t\t\t\t\t\t\t\t\t\t<\/div>\n\t\t\t\t<\/div>\n\t\t\t\t<\/div>\n\t\t\t\t\t<\/div>\n\t\t\t\t<\/div>\n\t\t<div class=\"elementor-element elementor-element-1bfdaab e-flex e-con-boxed e-con e-parent\" data-id=\"1bfdaab\" data-element_type=\"container\" data-e-type=\"container\">\n\t\t\t\t\t<div class=\"e-con-inner\">\n\t\t\t\t<div class=\"elementor-element elementor-element-d43198e elementor-widget elementor-widget-heading\" data-id=\"d43198e\" data-element_type=\"widget\" data-e-type=\"widget\" data-widget_type=\"heading.default\">\n\t\t\t\t<div class=\"elementor-widget-container\">\n\t\t\t\t\t<h1 class=\"elementor-heading-title elementor-size-default\">Join the adventure<\/h1>\t\t\t\t<\/div>\n\t\t\t\t<\/div>\n\t\t\t\t<div class=\"elementor-element elementor-element-4b7647b elementor-widget elementor-widget-text-editor\" data-id=\"4b7647b\" data-element_type=\"widget\" data-e-type=\"widget\" data-widget_type=\"text-editor.default\">\n\t\t\t\t<div class=\"elementor-widget-container\">\n\t\t\t\t\t\t\t\t\t<p data-start=\"2680\" data-end=\"2877\">Are you a student? Take advantage of our free printing service today.<br data-start=\"2760\" data-end=\"2763\" \/>Are you a business? Become a partner and increase your visibility while strengthening your brand image with an active and engaged community.<\/p>\t\t\t\t\t\t\t\t<\/div>\n\t\t\t\t<\/div>\n\t\t\t\t<div class=\"elementor-element elementor-element-94eb6af elementor-widget elementor-widget-button\" data-id=\"94eb6af\" data-element_type=\"widget\" data-e-type=\"widget\" data-widget_type=\"button.default\">\n\t\t\t\t<div class=\"elementor-widget-container\">\n\t\t\t\t\t\t\t\t\t<div class=\"elementor-button-wrapper\">\n\t\t\t\t\t<a class=\"elementor-button elementor-button-link elementor-size-sm\" href=\"https:\/\/pappaye.be\/en\/contact\/#contact\">\n\t\t\t\t\t\t<span class=\"elementor-button-content-wrapper\">\n\t\t\t\t\t\t\t\t\t<span class=\"elementor-button-text\">CONTACT US AND LET'S GROW PAPPAYE TOGETHER.<\/span>\n\t\t\t\t\t<\/span>\n\t\t\t\t\t<\/a>\n\t\t\t\t<\/div>\n\t\t\t\t\t\t\t\t<\/div>\n\t\t\t\t<\/div>\n\t\t\t\t<div class=\"elementor-element elementor-element-b00f8f7 elementor-widget elementor-widget-spacer\" data-id=\"b00f8f7\" data-element_type=\"widget\" data-e-type=\"widget\" data-widget_type=\"spacer.default\">\n\t\t\t\t<div class=\"elementor-widget-container\">\n\t\t\t\t\t\t\t<div class=\"elementor-spacer\">\n\t\t\t<div class=\"elementor-spacer-inner\"><\/div>\n\t\t<\/div>\n\t\t\t\t\t\t<\/div>\n\t\t\t\t<\/div>\n\t\t\t\t\t<\/div>\n\t\t\t\t<\/div>\n\t\t\t\t<\/div>","protected":false},"excerpt":{"rendered":"<p>\u00c0 propos Pappaye est n\u00e9 d\u2019une conviction simple : la visibilit\u00e9 peut avoir un impact positif. Fond\u00e9 par trois \u00e9tudiants [&hellip;]<\/p>\n","protected":false},"author":4,"featured_media":0,"parent":0,"menu_order":0,"comment_status":"closed","ping_status":"closed","template":"","meta":{"om_disable_all_campaigns":false,"_monsterinsights_skip_tracking":false,"_monsterinsights_sitenote_active":false,"_monsterinsights_sitenote_note":"","_monsterinsights_sitenote_category":0,"site-sidebar-layout":"no-sidebar","site-content-layout":"","ast-site-content-layout":"full-width-container","site-content-style":"default","site-sidebar-style":"default","ast-global-header-display":"","ast-banner-title-visibility":"","ast-main-header-display":"","ast-hfb-above-header-display":"","ast-hfb-below-header-display":"","ast-hfb-mobile-header-display":"","site-post-title":"","ast-breadcrumbs-content":"","ast-featured-img":"disabled","footer-sml-layout":"","ast-disable-related-posts":"","theme-transparent-header-meta":"","adv-header-id-meta":"","stick-header-meta":"","header-above-stick-meta":"","header-main-stick-meta":"","header-below-stick-meta":"","astra-migrate-meta-layouts":"default","ast-page-background-enabled":"default","ast-page-background-meta":{"desktop":{"background-color":"var(--ast-global-color-4)","background-image":"","background-repeat":"repeat","background-position":"center center","background-size":"auto","background-attachment":"scroll","background-type":"","background-media":"","overlay-type":"","overlay-color":"","overlay-opacity":"","overlay-gradient":""},"tablet":{"background-color":"","background-image":"","background-repeat":"repeat","background-position":"center center","background-size":"auto","background-attachment":"scroll","background-type":"","background-media":"","overlay-type":"","overlay-color":"","overlay-opacity":"","overlay-gradient":""},"mobile":{"background-color":"","background-image":"","background-repeat":"repeat","background-position":"center center","background-size":"auto","background-attachment":"scroll","background-type":"","background-media":"","overlay-type":"","overlay-color":"","overlay-opacity":"","overlay-gradient":""}},"ast-content-background-meta":{"desktop":{"background-color":"var(--ast-global-color-5)","background-image":"","background-repeat":"repeat","background-position":"center center","background-size":"auto","background-attachment":"scroll","background-type":"","background-media":"","overlay-type":"","overlay-color":"","overlay-opacity":"","overlay-gradient":""},"tablet":{"background-color":"var(--ast-global-color-5)","background-image":"","background-repeat":"repeat","background-position":"center center","background-size":"auto","background-attachment":"scroll","background-type":"","background-media":"","overlay-type":"","overlay-color":"","overlay-opacity":"","overlay-gradient":""},"mobile":{"background-color":"var(--ast-global-color-5)","background-image":"","background-repeat":"repeat","background-position":"center center","background-size":"auto","background-attachment":"scroll","background-type":"","background-media":"","overlay-type":"","overlay-color":"","overlay-opacity":"","overlay-gradient":""}},"footnotes":""},"class_list":["post-1711","page","type-page","status-publish","hentry"],"aioseo_notices":[],"_links":{"self":[{"href":"https:\/\/pappaye.be\/en\/wp-json\/wp\/v2\/pages\/1711","targetHints":{"allow":["GET"]}}],"collection":[{"href":"https:\/\/pappaye.be\/en\/wp-json\/wp\/v2\/pages"}],"about":[{"href":"https:\/\/pappaye.be\/en\/wp-json\/wp\/v2\/types\/page"}],"author":[{"embeddable":true,"href":"https:\/\/pappaye.be\/en\/wp-json\/wp\/v2\/users\/4"}],"replies":[{"embeddable":true,"href":"https:\/\/pappaye.be\/en\/wp-json\/wp\/v2\/comments?post=1711"}],"version-history":[{"count":61,"href":"https:\/\/pappaye.be\/en\/wp-json\/wp\/v2\/pages\/1711\/revisions"}],"predecessor-version":[{"id":3727,"href":"https:\/\/pappaye.be\/en\/wp-json\/wp\/v2\/pages\/1711\/revisions\/3727"}],"wp:attachment":[{"href":"https:\/\/pappaye.be\/en\/wp-json\/wp\/v2\/media?parent=1711"}],"curies":[{"name":"wp","href":"https:\/\/api.w.org\/{rel}","templated":true}]}}